{"id":467,"date":"2016-05-19T11:43:13","date_gmt":"2016-05-19T02:43:13","guid":{"rendered":"http:\/\/denki.neos-web.net\/e\/?page_id=467"},"modified":"2018-02-15T09:12:09","modified_gmt":"2018-02-15T00:12:09","slug":"lab","status":"publish","type":"page","link":"https:\/\/denki.nagaokaut.ac.jp\/vn\/lab\/","title":{"rendered":"C\u00e1c ph\u00f2ng nghi\u00ean c\u1ee9u"},"content":{"rendered":"","protected":false},"excerpt":{"rendered":"","protected":false},"author":1,"featured_media":0,"parent":0,"menu_order":0,"comment_status":"closed","ping_status":"closed","template":"","meta":{"_acf_changed":false,"footnotes":""},"class_list":["post-467","page","type-page","status-publish","hentry"],"acf":[],"_links":{"self":[{"href":"https:\/\/denki.nagaokaut.ac.jp\/vn\/wp-json\/wp\/v2\/pages\/467","targetHints":{"allow":["GET"]}}],"collection":[{"href":"https:\/\/denki.nagaokaut.ac.jp\/vn\/wp-json\/wp\/v2\/pages"}],"about":[{"href":"https:\/\/denki.nagaokaut.ac.jp\/vn\/wp-json\/wp\/v2\/types\/page"}],"author":[{"embeddable":true,"href":"https:\/\/denki.nagaokaut.ac.jp\/vn\/wp-json\/wp\/v2\/users\/1"}],"replies":[{"embeddable":true,"href":"https:\/\/denki.nagaokaut.ac.jp\/vn\/wp-json\/wp\/v2\/comments?post=467"}],"version-history":[{"count":3,"href":"https:\/\/denki.nagaokaut.ac.jp\/vn\/wp-json\/wp\/v2\/pages\/467\/revisions"}],"predecessor-version":[{"id":830,"href":"https:\/\/denki.nagaokaut.ac.jp\/vn\/wp-json\/wp\/v2\/pages\/467\/revisions\/830"}],"wp:attachment":[{"href":"https:\/\/denki.nagaokaut.ac.jp\/vn\/wp-json\/wp\/v2\/media?parent=467"}],"curies":[{"name":"wp","href":"https:\/\/api.w.org\/{rel}","templated":true}]}}