{"id":473,"date":"2016-05-19T13:37:31","date_gmt":"2016-05-19T04:37:31","guid":{"rendered":"http:\/\/denki.neos-web.net\/e\/about\/electrical-energy-systems-and-control-engineering\/"},"modified":"2018-02-15T09:09:35","modified_gmt":"2018-02-15T00:09:35","slug":"energy","status":"publish","type":"page","link":"https:\/\/denki.nagaokaut.ac.jp\/vn\/about\/energy\/","title":{"rendered":"Ph\u00e2n ng\u00e0nh H\u1ec7 th\u1ed1ng n\u0103ng l\u01b0\u1ee3ng v\u00e0 \u0110i\u1ec1u khi\u1ec3n t\u1ef1 \u0111\u1ed9ng"},"content":{"rendered":"<h1><img decoding=\"async\" src=\"https:\/\/denki.nagaokaut.ac.jp\/vn\/wp-content\/themes\/denki-english\/images\/energy\/energy01.png\" srcset=\"https:\/\/denki.nagaokaut.ac.jp\/vn\/wp-content\/themes\/denki-english\/images\/energy\/energy01.png 1x,https:\/\/denki.nagaokaut.ac.jp\/vn\/wp-content\/themes\/denki-english\/images\/energy\/energy01@2x.png 2x\" alt=\"Ph\u00e2n ng\u00e0nh H\u1ec7 th\u1ed1ng n\u0103ng l\u01b0\u1ee3ng v\u00e0 \u0110i\u1ec1u khi\u1ec3n t\u1ef1 \u0111\u1ed9ng\"><\/h1>\n<p>\u3000T\u1ea1i ph\u00e2n ng\u00e0nh H\u1ec7 th\u1ed1ng n\u0103ng l\u01b0\u1ee3ng v\u00e0 \u0110i\u1ec1u khi\u1ec3n t\u1ef1 \u0111\u1ed9ng, c\u00e1c sinh vi\u00ean s\u1ebd \u0111\u01b0\u1ee3c \u0111\u00e0o t\u1ea1o tr\u1edf th\u00e0nh nh\u1eefng k\u1ef9 s\u01b0 hang \u0111\u1ea7u v\u1edbi c\u00e1c k\u1ef9 n\u0103ng h\u1ecdc thu\u1eadt c\u01a1 b\u1ea3n, kh\u1ea3 n\u0103ng gi\u1ea3i quy\u1ebft c\u00e1c v\u1ea5n \u0111\u1ec1 v\u00e0 l\u00e0m ch\u1ee7 c\u00e1c c\u00f4ng ngh\u1ec7 th\u1ef1c ti\u1ec5n v\u00e0 ti\u00ean ti\u1ebfn nh\u1ea5t trong c\u00e1c m\u1ea3ng ph\u1ea7n c\u1ee9ng, ph\u1ea7n m\u1ec1m c\u0169ng nh\u01b0 l\u00e0 v\u1eadn chuy\u1ec3n, l\u01b0u tr\u1eef n\u0103ng l\u01b0\u1ee3ng. Ph\u00e2n ng\u00e0nh n\u00e0y c\u0169ng \u0111\u00e0o t\u1ea1o c\u00e1c k\u1ef9 s\u01b0 c\u00f3 th\u1ec3 \u0111i\u1ec1u khi\u1ec3n v\u00e0 \u00e1p d\u1ee5ng nh\u1eefng h\u1ec7 th\u1ed1ng k\u1ec3 tr\u00ean (trong khi t\u00ednh to\u00e1n \u0111\u1ebfn v\u1ea5n \u0111\u1ec1 m\u00f4i tr\u01b0\u1eddng to\u00e0n c\u1ea7u), v\u1edbi tr\u1ecdng t\u00e2m l\u00e0 h\u1ed7 tr\u1ee3 \u00a0v\u00e0 t\u1ed1i \u01b0u h\u00f3a c\u00e1c ngu\u1ed3n n\u0103ng l\u01b0\u1ee3ng \u0111\u1ec3 th\u00fac \u0111\u1ea9y s\u1ef1 v\u1eadn \u0111\u1ed9ng c\u1ee7a x\u00e3 h\u1ed9i trong hi\u1ec7n t\u1ea1i v\u00e0 t\u01b0\u01a1ng lai.<\/p>\n","protected":false},"excerpt":{"rendered":"<p>\u3000T\u1ea1i ph\u00e2n ng\u00e0nh H\u1ec7 th\u1ed1ng n\u0103ng l\u01b0\u1ee3ng v\u00e0 \u0110i\u1ec1u khi\u1ec3n t\u1ef1 \u0111\u1ed9ng, c\u00e1c sinh vi\u00ean s\u1ebd \u0111\u01b0\u1ee3c \u0111\u00e0o t\u1ea1o tr\u1edf th\u00e0nh nh\u1eefng k\u1ef9 s\u01b0 [&hellip;]<\/p>\n","protected":false},"author":1,"featured_media":0,"parent":8,"menu_order":1,"comment_status":"closed","ping_status":"closed","template":"template-course.php","meta":{"_acf_changed":false,"footnotes":""},"class_list":["post-473","page","type-page","status-publish","hentry"],"acf":[],"_links":{"self":[{"href":"https:\/\/denki.nagaokaut.ac.jp\/vn\/wp-json\/wp\/v2\/pages\/473","targetHints":{"allow":["GET"]}}],"collection":[{"href":"https:\/\/denki.nagaokaut.ac.jp\/vn\/wp-json\/wp\/v2\/pages"}],"about":[{"href":"https:\/\/denki.nagaokaut.ac.jp\/vn\/wp-json\/wp\/v2\/types\/page"}],"author":[{"embeddable":true,"href":"https:\/\/denki.nagaokaut.ac.jp\/vn\/wp-json\/wp\/v2\/users\/1"}],"replies":[{"embeddable":true,"href":"https:\/\/denki.nagaokaut.ac.jp\/vn\/wp-json\/wp\/v2\/comments?post=473"}],"version-history":[{"count":10,"href":"https:\/\/denki.nagaokaut.ac.jp\/vn\/wp-json\/wp\/v2\/pages\/473\/revisions"}],"predecessor-version":[{"id":828,"href":"https:\/\/denki.nagaokaut.ac.jp\/vn\/wp-json\/wp\/v2\/pages\/473\/revisions\/828"}],"up":[{"embeddable":true,"href":"https:\/\/denki.nagaokaut.ac.jp\/vn\/wp-json\/wp\/v2\/pages\/8"}],"wp:attachment":[{"href":"https:\/\/denki.nagaokaut.ac.jp\/vn\/wp-json\/wp\/v2\/media?parent=473"}],"curies":[{"name":"wp","href":"https:\/\/api.w.org\/{rel}","templated":true}]}}