{"id":475,"date":"2016-05-19T13:39:22","date_gmt":"2016-05-19T04:39:22","guid":{"rendered":"http:\/\/denki.neos-web.net\/e\/?page_id=475"},"modified":"2018-02-15T09:09:02","modified_gmt":"2018-02-15T00:09:02","slug":"device","status":"publish","type":"page","link":"https:\/\/denki.nagaokaut.ac.jp\/vn\/about\/device\/","title":{"rendered":"Ph\u00e2n ng\u00e0nh Linh ki\u1ec7n \u0111i\u1ec7n t\u1eed v\u00e0 Quang \u0111i\u1ec7n t\u1eed"},"content":{"rendered":"<h1><img decoding=\"async\" src=\"https:\/\/denki.nagaokaut.ac.jp\/vn\/wp-content\/themes\/denki-english\/images\/device\/device.png\" srcset=\"https:\/\/denki.nagaokaut.ac.jp\/vn\/wp-content\/themes\/denki-english\/images\/device\/device.png 1x,https:\/\/denki.nagaokaut.ac.jp\/vn\/wp-content\/themes\/denki-english\/images\/device\/device@2x.png 2x\" alt=\"Ph\u00e2n ng\u00e0nh Linh ki\u1ec7n \u0111i\u1ec7n t\u1eed v\u00e0 Quang \u0111i\u1ec7n t\u1eed\"><\/h1>\n<p>\u3000T\u1ea1i ph\u00e2n ng\u00e0nh Linh ki\u1ec7n \u0111i\u1ec7n t\u1eed v\u00e0 Quang \u0111i\u1ec7n t\u1eed, sinh vi\u00ean s\u1ebd \u0111\u01b0\u1ee3c h\u1ecdc t\u1eadp c\u00e1c v\u1ea5n \u0111\u1ec1 c\u01a1 b\u1ea3n li\u00ean quan \u0111\u1ebfn v\u1eadt li\u1ec7u c\u1ee7a linh ki\u1ec7n \u0111i\u1ec7n t\u1eed (ch\u1ea5t b\u00e1n d\u1eabn, nam ch\u00e2m, ch\u1ea5t si\u00eau d\u1eabn, ch\u1ea5t \u0111i\u1ec7n m\u00f4i v\u00e0 tinh th\u1ec3 l\u1ecfng), s\u00f3ng \u0111i\u1ec7n t\u1eeb v\u00e0 s\u00f3ng \u00e1nh s\u00e1ng. C\u00e1c sinh vi\u00ean c\u0169ng \u0111\u01b0\u1ee3c ti\u1ebfp x\u00fac v\u00e0 n\u1eafm v\u1eefng c\u00e1c c\u00f4ng ngh\u1ec7 ti\u00ean ti\u1ebfn li\u00ean quan \u0111\u1ebfn c\u00e1c thi\u1ebft b\u1ecb b\u00e1n d\u1eabn, quang \u0111i\u1ec7n t\u1eed t\u00edch h\u1ee3p trong c\u00e1c ng\u00e0nh c\u00f4ng nghi\u1ec7p l\u1edbn hi\u1ec7n nay. Ngo\u00e0i ra, c\u00e1c sinh vi\u00ean c\u0169ng \u0111\u01b0\u1ee3c \u0111\u00e0o t\u1ea1o tr\u1edf th\u00e0nh nh\u1eefng k\u1ef9 s\u01b0 h\u00e0ng \u0111\u1ea7u trong l\u0129nh v\u1ef1c ph\u1ea7n c\u1ee9ng v\u00e0 ph\u1ea7n m\u1ec1m, n\u1eafm gi\u1eef c\u00e1c c\u00f4ng ngh\u1ec7 m\u1ed9t c\u00e1ch h\u1ec7 th\u1ed1ng h\u00f3a \u0111\u1ec3 ph\u00e1t tri\u1ec3n c\u00e1c h\u1ee3p ch\u1ea5t m\u1edbi h\u1ed7 tr\u1ee3 cho c\u00e1c thi\u1ebft b\u1ecb \u0111i\u1ec7n t\u1eed.<\/p>\n","protected":false},"excerpt":{"rendered":"<p>\u3000T\u1ea1i ph\u00e2n ng\u00e0nh Linh ki\u1ec7n \u0111i\u1ec7n t\u1eed v\u00e0 Quang \u0111i\u1ec7n t\u1eed, sinh vi\u00ean s\u1ebd \u0111\u01b0\u1ee3c h\u1ecdc t\u1eadp c\u00e1c v\u1ea5n \u0111\u1ec1 c\u01a1 b\u1ea3n li\u00ean quan \u0111\u1ebfn  [&hellip;]<\/p>\n","protected":false},"author":1,"featured_media":0,"parent":8,"menu_order":2,"comment_status":"closed","ping_status":"closed","template":"template-course.php","meta":{"_acf_changed":false,"footnotes":""},"class_list":["post-475","page","type-page","status-publish","hentry"],"acf":[],"_links":{"self":[{"href":"https:\/\/denki.nagaokaut.ac.jp\/vn\/wp-json\/wp\/v2\/pages\/475","targetHints":{"allow":["GET"]}}],"collection":[{"href":"https:\/\/denki.nagaokaut.ac.jp\/vn\/wp-json\/wp\/v2\/pages"}],"about":[{"href":"https:\/\/denki.nagaokaut.ac.jp\/vn\/wp-json\/wp\/v2\/types\/page"}],"author":[{"embeddable":true,"href":"https:\/\/denki.nagaokaut.ac.jp\/vn\/wp-json\/wp\/v2\/users\/1"}],"replies":[{"embeddable":true,"href":"https:\/\/denki.nagaokaut.ac.jp\/vn\/wp-json\/wp\/v2\/comments?post=475"}],"version-history":[{"count":5,"href":"https:\/\/denki.nagaokaut.ac.jp\/vn\/wp-json\/wp\/v2\/pages\/475\/revisions"}],"predecessor-version":[{"id":825,"href":"https:\/\/denki.nagaokaut.ac.jp\/vn\/wp-json\/wp\/v2\/pages\/475\/revisions\/825"}],"up":[{"embeddable":true,"href":"https:\/\/denki.nagaokaut.ac.jp\/vn\/wp-json\/wp\/v2\/pages\/8"}],"wp:attachment":[{"href":"https:\/\/denki.nagaokaut.ac.jp\/vn\/wp-json\/wp\/v2\/media?parent=475"}],"curies":[{"name":"wp","href":"https:\/\/api.w.org\/{rel}","templated":true}]}}