{"id":477,"date":"2016-05-19T13:40:20","date_gmt":"2016-05-19T04:40:20","guid":{"rendered":"http:\/\/denki.neos-web.net\/e\/?page_id=477"},"modified":"2018-02-15T09:11:00","modified_gmt":"2018-02-15T00:11:00","slug":"information","status":"publish","type":"page","link":"https:\/\/denki.nagaokaut.ac.jp\/vn\/about\/information\/","title":{"rendered":"Ph\u00e2n ng\u00e0nh C\u00f4ng ngh\u1ec7 th\u00f4ng tin v\u00e0 Vi\u1ec5n th\u00f4ng"},"content":{"rendered":"<h1><img decoding=\"async\" src=\"https:\/\/denki.nagaokaut.ac.jp\/vn\/wp-content\/themes\/denki-english\/images\/information\/information-img.png\" srcset=\"https:\/\/denki.nagaokaut.ac.jp\/vn\/wp-content\/themes\/denki-english\/images\/information\/information-img.png 1x,https:\/\/denki.nagaokaut.ac.jp\/vn\/wp-content\/themes\/denki-english\/images\/information\/information-img@2x.png 2x\" alt=\"Ph\u00e2n ng\u00e0nh C\u00f4ng ngh\u1ec7 th\u00f4ng tin v\u00e0 Vi\u1ec5n th\u00f4ng\"><\/h1>\n<p>\u3000T\u1ea1i ph\u00e2n ng\u00e0nh C\u00f4ng ngh\u1ec7 th\u00f4ng tin v\u00e0 Vi\u1ec5n th\u00f4ng, sinh vi\u00ean s\u1ebd \u0111\u01b0\u1ee3c ti\u1ebfp x\u00fac v\u1edbi c\u00e1c c\u00f4ng ngh\u1ec7 x\u1eed l\u00fd th\u00f4ng tin v\u00e0 vi\u1ec5n th\u00f4ng. Sinh vi\u00ean c\u0169ng \u0111\u01b0\u1ee3c h\u1ecdc v\u1ec1 m\u00e1y t\u00ednh v\u00e0 m\u1ea1ng l\u01b0\u1edbi m\u00e1y t\u00ednh, \u0111\u01b0\u1ee3c \u0111\u00e0o t\u1ea1o tr\u1edf th\u00e0nh nh\u1eefng k\u1ef9 s\u01b0 n\u1eafm gi\u1eef vai tr\u00f2 tr\u1ecdng y\u1ebfu tron cu\u1ed9c c\u00e1ch m\u1ea1ng C\u00f4ng ngh\u1ec7 th\u00f4ng tin hi\u1ec7n nay. Ph\u00e2n ng\u00e0nh n\u00e0y \u0111\u00e0o t\u1ea1o chuy\u00ean s\u00e2u trong c\u00e1c v\u1ea5n \u0111\u1ec1 v\u1ec1 x\u1eed l\u00fd, l\u01b0u tr\u1eef v\u00e0 tuy\u1ec1n t\u00edn hi\u1ec7u s\u1ed1 th\u00f4ng qua Internet v\u00e0 m\u1ea1ng l\u01b0\u1edbi m\u00e1y t\u00ednh. Ngo\u00e0i ra, ph\u00e2n ng\u00e0nh n\u00e0y c\u0169ng nghi\u00ean c\u1ee9u v\u1ec1 c\u00e1c h\u1ec7 th\u1ed1ng kh\u00e1c nhau \u0111\u01b0\u1ee3c t\u1ea1o th\u00e0nh t\u1eeb c\u00e1c m\u1ea1ch \u0111i\u1ec7n t\u1eed (IC, VLSI), c\u0169ng nh\u01b0 vi\u1ec7c \u00e1p d\u1ee5ng c\u00e1c k\u1ef9 thu\u1eadt ph\u1ea7n c\u1ee9ng v\u00e0 ph\u1ea7n m\u1ec1m \u0111\u1ec3 t\u1ea1o th\u00e0nh c\u00e1c thi\u1ebft b\u1ecb t\u1eed. C\u00e1c sinh vi\u00ean trong ph\u00e2n ng\u00e0nh n\u00e0y \u0111\u01b0\u1ee3c \u0111\u00e0o t\u1ea1o h\u01b0\u1edbng t\u1edbi m\u1ee5c \u0111\u00edch tr\u1edf th\u00e0nh nh\u1eefng k\u1ef9 s\u01b0 h\u00e0ng \u0111\u1ea7u c\u00f3 h\u1ecdc thu\u1eadt s\u00e2u r\u1ed9ng v\u00e0 kh\u1ea3 n\u0103ng gi\u1ea3i quy\u1ebft v\u1ea5n \u0111\u1ec1, th\u00e0nh th\u1ea1o nh\u1eefng l\u00fd thuy\u1ebft m\u1edbi, k\u1ef9 thu\u1eadt m\u00f4 ph\u1ecfng v\u00e0 c\u00e1c c\u00f4ng ngh\u1ec7 ti\u00ean ti\u1ebfn. Nh\u1eefng k\u1ef9 s\u01b0 \u0111\u01b0\u1ee3c \u0111\u00e0o t\u1ea1o t\u1ea1i \u0111\u00e2y c\u00f3 th\u1ec3 c\u1ea3i ti\u1ebfn v\u00e0 \u1ee9ng d\u1ee5ng c\u00e1c c\u00f4ng ngh\u1ec7 x\u1eed l\u00fd th\u00f4ng tin ti\u00ean ti\u1ebfn nh\u1ea5t, x\u00e2y d\u1ef1ng v\u00e0 thi\u1ebft k\u1ebf trong t\u1eebng giai \u0111o\u1ea1n ph\u00e1t tri\u1ec3n c\u1ee7a cu\u1ed9c b\u00f9ng n\u1ed5 C\u00f4ng ngh\u1ec7 th\u00f4ng tin hi\u1ec7n n\u00e0y.<\/p>\n","protected":false},"excerpt":{"rendered":"<p>\u3000T\u1ea1i ph\u00e2n ng\u00e0nh C\u00f4ng ngh\u1ec7 th\u00f4ng tin v\u00e0 Vi\u1ec5n th\u00f4ng, sinh vi\u00ean s\u1ebd \u0111\u01b0\u1ee3c ti\u1ebfp x\u00fac v\u1edbi c\u00e1c c\u00f4ng ngh\u1ec7 x\u1eed l\u00fd th\u00f4ng ti [&hellip;]<\/p>\n","protected":false},"author":1,"featured_media":0,"parent":8,"menu_order":3,"comment_status":"closed","ping_status":"closed","template":"template-course.php","meta":{"_acf_changed":false,"footnotes":""},"class_list":["post-477","page","type-page","status-publish","hentry"],"acf":[],"_links":{"self":[{"href":"https:\/\/denki.nagaokaut.ac.jp\/vn\/wp-json\/wp\/v2\/pages\/477","targetHints":{"allow":["GET"]}}],"collection":[{"href":"https:\/\/denki.nagaokaut.ac.jp\/vn\/wp-json\/wp\/v2\/pages"}],"about":[{"href":"https:\/\/denki.nagaokaut.ac.jp\/vn\/wp-json\/wp\/v2\/types\/page"}],"author":[{"embeddable":true,"href":"https:\/\/denki.nagaokaut.ac.jp\/vn\/wp-json\/wp\/v2\/users\/1"}],"replies":[{"embeddable":true,"href":"https:\/\/denki.nagaokaut.ac.jp\/vn\/wp-json\/wp\/v2\/comments?post=477"}],"version-history":[{"count":4,"href":"https:\/\/denki.nagaokaut.ac.jp\/vn\/wp-json\/wp\/v2\/pages\/477\/revisions"}],"predecessor-version":[{"id":829,"href":"https:\/\/denki.nagaokaut.ac.jp\/vn\/wp-json\/wp\/v2\/pages\/477\/revisions\/829"}],"up":[{"embeddable":true,"href":"https:\/\/denki.nagaokaut.ac.jp\/vn\/wp-json\/wp\/v2\/pages\/8"}],"wp:attachment":[{"href":"https:\/\/denki.nagaokaut.ac.jp\/vn\/wp-json\/wp\/v2\/media?parent=477"}],"curies":[{"name":"wp","href":"https:\/\/api.w.org\/{rel}","templated":true}]}}